{"id":52786,"date":"2026-01-26T12:18:54","date_gmt":"2026-01-26T11:18:54","guid":{"rendered":"https:\/\/www.grupotd.es\/essential\/"},"modified":"2026-01-26T12:18:56","modified_gmt":"2026-01-26T11:18:56","slug":"essential","status":"publish","type":"page","link":"https:\/\/www.grupotd.es\/fr\/essential\/","title":{"rendered":"Essential"},"content":{"rendered":"\t\t<div data-elementor-type=\"wp-page\" data-elementor-id=\"52786\" class=\"elementor elementor-52786 elementor-50981\" data-elementor-settings=\"{&quot;ha_cmc_init_switcher&quot;:&quot;no&quot;}\" data-elementor-post-type=\"page\">\n\t\t\t\t\t\t<section class=\"elementor-section elementor-top-section elementor-element elementor-element-88871ab elementor-section-boxed elementor-section-height-default elementor-section-height-default\" data-id=\"88871ab\" data-element_type=\"section\">\n\t\t\t\t\t\t<div class=\"elementor-container elementor-column-gap-default\">\n\t\t\t\t\t<div class=\"elementor-column elementor-col-100 elementor-top-column elementor-element elementor-element-5e60f54\" data-id=\"5e60f54\" data-element_type=\"column\">\n\t\t\t<div class=\"elementor-widget-wrap elementor-element-populated\">\n\t\t\t\t\t\t<div class=\"elementor-element elementor-element-7a3bc4d elementor-widget elementor-widget-heading\" data-id=\"7a3bc4d\" data-element_type=\"widget\" data-widget_type=\"heading.default\">\n\t\t\t\t<div class=\"elementor-widget-container\">\n\t\t\t\t\t<h1 class=\"elementor-heading-title elementor-size-default\">Essential<\/h1>\t\t\t\t<\/div>\n\t\t\t\t<\/div>\n\t\t\t\t\t<\/div>\n\t\t<\/div>\n\t\t\t\t\t<\/div>\n\t\t<\/section>\n\t\t\t\t<section class=\"elementor-section elementor-top-section elementor-element elementor-element-621b9ad elementor-section-boxed elementor-section-height-default elementor-section-height-default\" data-id=\"621b9ad\" data-element_type=\"section\">\n\t\t\t\t\t\t<div class=\"elementor-container elementor-column-gap-default\">\n\t\t\t\t\t<div class=\"elementor-column elementor-col-25 elementor-top-column elementor-element elementor-element-615123b elementor-invisible\" data-id=\"615123b\" data-element_type=\"column\" data-settings=\"{&quot;animation&quot;:&quot;fadeInUp&quot;,&quot;animation_delay&quot;:250}\">\n\t\t\t<div class=\"elementor-widget-wrap elementor-element-populated\">\n\t\t\t\t\t\t<div class=\"elementor-element elementor-element-14bd442 elementor-widget elementor-widget-ha-image-hover-effect happy-addon ha-image-hover-effect\" data-id=\"14bd442\" data-element_type=\"widget\" data-widget_type=\"ha-image-hover-effect.default\">\n\t\t\t\t<div class=\"elementor-widget-container\">\n\t\t\t\t\t\t\t<div class=\"ha-ihe-wrapper grid\">\n\t\t\t<figure class=\"ha-ihe-fig ha-effect-bubba\">\n\t\t\t\t<img  title=\"Essential - Tapizados Do\u00f1ana\" decoding=\"async\" class=\"ha-ihe-img\" src=\"https:\/\/www.grupotd.es\/wp-content\/uploads\/2026\/01\/SOFA-LYON-IMG_0815-scaled.jpg\"  alt=\"Essential - Tapizados Do\u00f1ana\"  \/>\n\t\t\t\t<figcaption class=\"ha-ihe-caption\">\n\t\t\t\t\t\t\t\t\t\t\t<h2 class=\"ha-ihe-title\"><\/h2>\t\t\t\t\t\t\t\t\t\t\t\t\t<p class=\"ha-ihe-desc\">Sof\u00e1s, chaiselongues, divanes y daybeds<\/p>\n\t\t\t\t\t\t\t\t\t\t\t\t\t\t\t\t\t\t\t\t\t\t\t<a href=\"https:\/\/www.grupotd.es\/fr\/essential\/canapes-chaises-longues-divans-et-lits-de-repos\/\" ><\/a>\n\t\t\t\t\t\t\t\t\t<\/figcaption>\n\t\t\t<\/figure>\n\t\t<\/div>\n\t\t\t\t<\/div>\n\t\t\t\t<\/div>\n\t\t\t\t\t<\/div>\n\t\t<\/div>\n\t\t\t\t<div class=\"elementor-column elementor-col-25 elementor-top-column elementor-element elementor-element-1daa22d elementor-invisible\" data-id=\"1daa22d\" data-element_type=\"column\" data-settings=\"{&quot;animation&quot;:&quot;fadeInUp&quot;,&quot;animation_delay&quot;:500}\">\n\t\t\t<div class=\"elementor-widget-wrap elementor-element-populated\">\n\t\t\t\t\t\t<div class=\"elementor-element elementor-element-cf4ff98 elementor-widget elementor-widget-ha-image-hover-effect happy-addon ha-image-hover-effect\" data-id=\"cf4ff98\" data-element_type=\"widget\" data-widget_type=\"ha-image-hover-effect.default\">\n\t\t\t\t<div class=\"elementor-widget-container\">\n\t\t\t\t\t\t\t<div class=\"ha-ihe-wrapper grid\">\n\t\t\t<figure class=\"ha-ihe-fig ha-effect-bubba\">\n\t\t\t\t<img  title=\"Essential - Tapizados Do\u00f1ana\" decoding=\"async\" class=\"ha-ihe-img\" src=\"https:\/\/www.grupotd.es\/wp-content\/uploads\/2026\/01\/BUTACA-PAMPA-scaled.jpg\"  alt=\"Essential - Tapizados Do\u00f1ana\"  \/>\n\t\t\t\t<figcaption class=\"ha-ihe-caption\">\n\t\t\t\t\t\t\t\t\t\t\t<h2 class=\"ha-ihe-title\"><\/h2>\t\t\t\t\t\t\t\t\t\t\t\t\t<p class=\"ha-ihe-desc\">BUTACAS<\/p>\n\t\t\t\t\t\t\t\t\t\t\t\t\t\t\t\t\t\t\t\t\t\t\t<a href=\"https:\/\/www.grupotd.es\/fr\/essential\/fauteuils\/\" ><\/a>\n\t\t\t\t\t\t\t\t\t<\/figcaption>\n\t\t\t<\/figure>\n\t\t<\/div>\n\t\t\t\t<\/div>\n\t\t\t\t<\/div>\n\t\t\t\t\t<\/div>\n\t\t<\/div>\n\t\t\t\t<div class=\"elementor-column elementor-col-25 elementor-top-column elementor-element elementor-element-a430d8a elementor-invisible\" data-id=\"a430d8a\" data-element_type=\"column\" data-settings=\"{&quot;animation&quot;:&quot;fadeInUp&quot;,&quot;animation_delay&quot;:750}\">\n\t\t\t<div class=\"elementor-widget-wrap elementor-element-populated\">\n\t\t\t\t\t\t<div class=\"elementor-element elementor-element-f83fabe elementor-widget elementor-widget-ha-image-hover-effect happy-addon ha-image-hover-effect\" data-id=\"f83fabe\" data-element_type=\"widget\" data-widget_type=\"ha-image-hover-effect.default\">\n\t\t\t\t<div class=\"elementor-widget-container\">\n\t\t\t\t\t\t\t<div class=\"ha-ihe-wrapper grid\">\n\t\t\t<figure class=\"ha-ihe-fig ha-effect-bubba\">\n\t\t\t\t<img  title=\"Essential - Tapizados Do\u00f1ana\" decoding=\"async\" class=\"ha-ihe-img\" src=\"https:\/\/www.grupotd.es\/wp-content\/uploads\/2026\/01\/sillon-loyola-essential.png\"  alt=\"Essential - Tapizados Do\u00f1ana\"  \/>\n\t\t\t\t<figcaption class=\"ha-ihe-caption\">\n\t\t\t\t\t\t\t\t\t\t\t<h2 class=\"ha-ihe-title\"><\/h2>\t\t\t\t\t\t\t\t\t\t\t\t\t<p class=\"ha-ihe-desc\">Sillas, sillones, taburetes y banquetas<\/p>\n\t\t\t\t\t\t\t\t\t\t\t\t\t\t\t\t\t\t\t\t\t\t\t<a href=\"https:\/\/www.grupotd.es\/fr\/essential\/chaises-fauteuils-tabourets-et-bancs\/\" ><\/a>\n\t\t\t\t\t\t\t\t\t<\/figcaption>\n\t\t\t<\/figure>\n\t\t<\/div>\n\t\t\t\t<\/div>\n\t\t\t\t<\/div>\n\t\t\t\t\t<\/div>\n\t\t<\/div>\n\t\t\t\t<div class=\"elementor-column elementor-col-25 elementor-top-column elementor-element elementor-element-0a8e8a9 elementor-invisible\" data-id=\"0a8e8a9\" data-element_type=\"column\" data-settings=\"{&quot;animation&quot;:&quot;fadeInUp&quot;,&quot;animation_delay&quot;:1000}\">\n\t\t\t<div class=\"elementor-widget-wrap elementor-element-populated\">\n\t\t\t\t\t\t<div class=\"elementor-element elementor-element-99b36f1 elementor-widget elementor-widget-ha-image-hover-effect happy-addon ha-image-hover-effect\" data-id=\"99b36f1\" data-element_type=\"widget\" data-widget_type=\"ha-image-hover-effect.default\">\n\t\t\t\t<div class=\"elementor-widget-container\">\n\t\t\t\t\t\t\t<div class=\"ha-ihe-wrapper grid\">\n\t\t\t<figure class=\"ha-ihe-fig ha-effect-bubba\">\n\t\t\t\t<img  title=\"Essential - Tapizados Do\u00f1ana\" decoding=\"async\" class=\"ha-ihe-img\" src=\"https:\/\/www.grupotd.es\/wp-content\/uploads\/2026\/01\/cabecero-vela-essential.png\"  alt=\"Essential - Tapizados Do\u00f1ana\"  \/>\n\t\t\t\t<figcaption class=\"ha-ihe-caption\">\n\t\t\t\t\t\t\t\t\t\t\t<h2 class=\"ha-ihe-title\"><\/h2>\t\t\t\t\t\t\t\t\t\t\t\t\t<p class=\"ha-ihe-desc\">Cabeceros y canap\u00e9s<\/p>\n\t\t\t\t\t\t\t\t\t\t\t\t\t\t\t\t\t\t\t\t\t\t\t<a href=\"https:\/\/www.grupotd.es\/fr\/essential\/tetes-de-lit-et-canapes\/\" ><\/a>\n\t\t\t\t\t\t\t\t\t<\/figcaption>\n\t\t\t<\/figure>\n\t\t<\/div>\n\t\t\t\t<\/div>\n\t\t\t\t<\/div>\n\t\t\t\t\t<\/div>\n\t\t<\/div>\n\t\t\t\t\t<\/div>\n\t\t<\/section>\n\t\t\t\t<section class=\"elementor-section elementor-top-section elementor-element elementor-element-16a394f elementor-section-boxed elementor-section-height-default elementor-section-height-default\" data-id=\"16a394f\" data-element_type=\"section\">\n\t\t\t\t\t\t<div class=\"elementor-container elementor-column-gap-default\">\n\t\t\t\t\t<div class=\"elementor-column elementor-col-100 elementor-top-column elementor-element elementor-element-a2a4963 elementor-invisible\" data-id=\"a2a4963\" data-element_type=\"column\" data-settings=\"{&quot;animation&quot;:&quot;fadeInUp&quot;,&quot;animation_delay&quot;:1250}\">\n\t\t\t<div class=\"elementor-widget-wrap elementor-element-populated\">\n\t\t\t\t\t\t<div class=\"elementor-element elementor-element-1aee955 elementor-align-center elementor-widget elementor-widget-button\" data-id=\"1aee955\" data-element_type=\"widget\" data-widget_type=\"button.default\">\n\t\t\t\t<div class=\"elementor-widget-container\">\n\t\t\t\t\t\t\t\t\t<div class=\"elementor-button-wrapper\">\n\t\t\t\t\t<a class=\"elementor-button elementor-button-link elementor-size-sm elementor-animation-grow\" href=\"https:\/\/www.grupotd.es\/fr\/catalogue-essentiel\/\">\n\t\t\t\t\t\t<span class=\"elementor-button-content-wrapper\">\n\t\t\t\t\t\t\t\t\t<span class=\"elementor-button-text\">Voir le catalogue de la collection essentielle<\/span>\n\t\t\t\t\t<\/span>\n\t\t\t\t\t<\/a>\n\t\t\t\t<\/div>\n\t\t\t\t\t\t\t\t<\/div>\n\t\t\t\t<\/div>\n\t\t\t\t\t<\/div>\n\t\t<\/div>\n\t\t\t\t\t<\/div>\n\t\t<\/section>\n\t\t\t\t<section class=\"elementor-section elementor-top-section elementor-element elementor-element-619e56f elementor-section-boxed elementor-section-height-default elementor-section-height-default\" data-id=\"619e56f\" data-element_type=\"section\">\n\t\t\t\t\t\t<div class=\"elementor-container elementor-column-gap-default\">\n\t\t\t\t\t<div class=\"elementor-column elementor-col-66 elementor-top-column elementor-element elementor-element-49022cc elementor-invisible\" data-id=\"49022cc\" data-element_type=\"column\" data-settings=\"{&quot;animation&quot;:&quot;fadeInLeft&quot;}\">\n\t\t\t<div class=\"elementor-widget-wrap elementor-element-populated\">\n\t\t\t\t\t\t<div class=\"elementor-element elementor-element-b5c8853 elementor-widget elementor-widget-heading\" data-id=\"b5c8853\" data-element_type=\"widget\" data-widget_type=\"heading.default\">\n\t\t\t\t<div class=\"elementor-widget-container\">\n\t\t\t\t\t<h2 class=\"elementor-heading-title elementor-size-default\">Simplicit\u00e9. Qualit\u00e9.<\/h2>\t\t\t\t<\/div>\n\t\t\t\t<\/div>\n\t\t\t\t<div class=\"elementor-element elementor-element-e254ae3 elementor-widget elementor-widget-heading\" data-id=\"e254ae3\" data-element_type=\"widget\" data-widget_type=\"heading.default\">\n\t\t\t\t<div class=\"elementor-widget-container\">\n\t\t\t\t\t<h2 class=\"elementor-heading-title elementor-size-default\">Un style qui vous correspond.<\/h2>\t\t\t\t<\/div>\n\t\t\t\t<\/div>\n\t\t\t\t<div class=\"elementor-element elementor-element-8219fba elementor-widget-divider--view-line elementor-widget elementor-widget-divider\" data-id=\"8219fba\" data-element_type=\"widget\" data-widget_type=\"divider.default\">\n\t\t\t\t<div class=\"elementor-widget-container\">\n\t\t\t\t\t\t\t<div class=\"elementor-divider\">\n\t\t\t<span class=\"elementor-divider-separator\">\n\t\t\t\t\t\t<\/span>\n\t\t<\/div>\n\t\t\t\t\t\t<\/div>\n\t\t\t\t<\/div>\n\t\t\t\t<div class=\"elementor-element elementor-element-7d69bc3 elementor-widget elementor-widget-text-editor\" data-id=\"7d69bc3\" data-element_type=\"widget\" data-widget_type=\"text-editor.default\">\n\t\t\t\t<div class=\"elementor-widget-container\">\n\t\t\t\t\t\t\t\t\t<p data-start=\"181\" data-end=\"435\">La collection Essential est n\u00e9e de l&rsquo;\u00e9quilibre parfait entre design, confort et fonctionnalit\u00e9. Fabriqu\u00e9e avec <strong>des structures en bois massif, des mousses haute densit\u00e9 et des fibres haut de gamme,<\/strong> elle offre le confort quotidien dont vous avez besoin gr\u00e2ce \u00e0 un design polyvalent et durable.<\/p>\n<p>Ses finitions <strong>claires et naturelles<\/strong> apportent fra\u00eecheur et harmonie, s&rsquo;adaptant facilement \u00e0 tous les styles de vie et \u00e0 tous les espaces.<\/p>\n<p><strong>Collection Essential: l&rsquo;essence m\u00eame du confort, avec la qualit\u00e9 \u00e0 laquelle vous \u00eates habitu\u00e9(e).<\/strong><\/p>\n\t\t\t\t\t\t\t\t<\/div>\n\t\t\t\t<\/div>\n\t\t\t\t\t<\/div>\n\t\t<\/div>\n\t\t\t\t<div class=\"elementor-column elementor-col-33 elementor-top-column elementor-element elementor-element-80e154c elementor-invisible\" data-id=\"80e154c\" data-element_type=\"column\" data-settings=\"{&quot;animation&quot;:&quot;fadeInRight&quot;}\">\n\t\t\t<div class=\"elementor-widget-wrap elementor-element-populated\">\n\t\t\t\t\t\t<div class=\"elementor-element elementor-element-fea30bc elementor-widget elementor-widget-image\" data-id=\"fea30bc\" data-element_type=\"widget\" data-widget_type=\"image.default\">\n\t\t\t\t<div class=\"elementor-widget-container\">\n\t\t\t\t\t\t\t\t\t\t\t\t\t\t\t<img  title=\"Essential - Tapizados Do\u00f1ana\" fetchpriority=\"high\" decoding=\"async\" width=\"1500\" height=\"1500\" src=\"https:\/\/www.grupotd.es\/wp-content\/uploads\/2023\/11\/completo.webp\" class=\"attachment-full size-full wp-image-47283\"  alt=\"Essential - Tapizados Do\u00f1ana\"  srcset=\"https:\/\/www.grupotd.es\/wp-content\/uploads\/2023\/11\/completo.webp 1500w, https:\/\/www.grupotd.es\/wp-content\/uploads\/2023\/11\/completo-300x300.webp 300w, https:\/\/www.grupotd.es\/wp-content\/uploads\/2023\/11\/completo-1024x1024.webp 1024w, https:\/\/www.grupotd.es\/wp-content\/uploads\/2023\/11\/completo-150x150.webp 150w, https:\/\/www.grupotd.es\/wp-content\/uploads\/2023\/11\/completo-768x768.webp 768w\" sizes=\"(max-width: 1500px) 100vw, 1500px\" \/>\t\t\t\t\t\t\t\t\t\t\t\t\t\t\t<\/div>\n\t\t\t\t<\/div>\n\t\t\t\t\t<\/div>\n\t\t<\/div>\n\t\t\t\t\t<\/div>\n\t\t<\/section>\n\t\t\t\t<\/div>\n\t\t","protected":false},"excerpt":{"rendered":"<p>Sof\u00e1s, chaiselongues, divanes y daybeds BUTACAS Sillas, sillones, taburetes y banquetas Cabeceros y canap\u00e9s Voir le catalogue de la collection essentielle Simplicit\u00e9. Qualit\u00e9. Un style qui vous correspond. La collection Essential est n\u00e9e de l&rsquo;\u00e9quilibre parfait entre design, confort et fonctionnalit\u00e9. Fabriqu\u00e9e avec des structures en bois massif, des mousses haute densit\u00e9 et des fibres [&#8230;]<\/p>\n<p><a class=\"btn btn-secondary understrap-read-more-link\" href=\"https:\/\/www.grupotd.es\/fr\/essential\/\">Lire la suite\u2026<span class=\"screen-reader-text\"> from Essential<\/span><\/a><\/p>\n","protected":false},"author":4,"featured_media":50996,"parent":0,"menu_order":0,"comment_status":"closed","ping_status":"closed","template":"elementor_header_footer","meta":{"_acf_changed":false,"_seopress_robots_primary_cat":"","_seopress_titles_title":"Produits d\u00e9coratifs rembourr\u00e9s - Nous sommes fabricants et distributeurs","_seopress_titles_desc":"","_seopress_robots_index":"","footnotes":""},"class_list":["post-52786","page","type-page","status-publish","has-post-thumbnail","hentry"],"acf":[],"_links":{"self":[{"href":"https:\/\/www.grupotd.es\/fr\/wp-json\/wp\/v2\/pages\/52786","targetHints":{"allow":["GET"]}}],"collection":[{"href":"https:\/\/www.grupotd.es\/fr\/wp-json\/wp\/v2\/pages"}],"about":[{"href":"https:\/\/www.grupotd.es\/fr\/wp-json\/wp\/v2\/types\/page"}],"author":[{"embeddable":true,"href":"https:\/\/www.grupotd.es\/fr\/wp-json\/wp\/v2\/users\/4"}],"replies":[{"embeddable":true,"href":"https:\/\/www.grupotd.es\/fr\/wp-json\/wp\/v2\/comments?post=52786"}],"version-history":[{"count":1,"href":"https:\/\/www.grupotd.es\/fr\/wp-json\/wp\/v2\/pages\/52786\/revisions"}],"predecessor-version":[{"id":52787,"href":"https:\/\/www.grupotd.es\/fr\/wp-json\/wp\/v2\/pages\/52786\/revisions\/52787"}],"wp:featuredmedia":[{"embeddable":true,"href":"https:\/\/www.grupotd.es\/fr\/wp-json\/wp\/v2\/media\/50996"}],"wp:attachment":[{"href":"https:\/\/www.grupotd.es\/fr\/wp-json\/wp\/v2\/media?parent=52786"}],"curies":[{"name":"wp","href":"https:\/\/api.w.org\/{rel}","templated":true}]}}