{"id":1221,"date":"2018-05-04T07:31:28","date_gmt":"2018-05-04T07:31:28","guid":{"rendered":"https:\/\/www.grupotd.es\/proyectos\/"},"modified":"2023-12-11T08:38:56","modified_gmt":"2023-12-11T07:38:56","slug":"projets","status":"publish","type":"page","link":"https:\/\/www.grupotd.es\/fr\/projets\/","title":{"rendered":"Projets"},"content":{"rendered":"\t\t<div data-elementor-type=\"wp-page\" data-elementor-id=\"1221\" class=\"elementor elementor-1221 elementor-16\" data-elementor-settings=\"{&quot;ha_cmc_init_switcher&quot;:&quot;no&quot;}\" data-elementor-post-type=\"page\">\n\t\t\t\t\t\t<section class=\"elementor-section elementor-top-section elementor-element elementor-element-e9ff5fb elementor-section-boxed elementor-section-height-default elementor-section-height-default\" data-id=\"e9ff5fb\" data-element_type=\"section\">\n\t\t\t\t\t\t<div class=\"elementor-container elementor-column-gap-default\">\n\t\t\t\t\t<div class=\"elementor-column elementor-col-100 elementor-top-column elementor-element elementor-element-9c94909\" data-id=\"9c94909\" data-element_type=\"column\">\n\t\t\t<div class=\"elementor-widget-wrap elementor-element-populated\">\n\t\t\t\t\t\t<div class=\"elementor-element elementor-element-5e42a85 elementor-widget elementor-widget-heading\" data-id=\"5e42a85\" data-element_type=\"widget\" data-widget_type=\"heading.default\">\n\t\t\t\t<div class=\"elementor-widget-container\">\n\t\t\t\t\t<h1 class=\"elementor-heading-title elementor-size-default\">Projets<\/h1>\t\t\t\t<\/div>\n\t\t\t\t<\/div>\n\t\t\t\t\t<\/div>\n\t\t<\/div>\n\t\t\t\t\t<\/div>\n\t\t<\/section>\n\t\t\t\t<section class=\"elementor-section elementor-top-section elementor-element elementor-element-8e7e182 elementor-section-boxed elementor-section-height-default elementor-section-height-default\" data-id=\"8e7e182\" data-element_type=\"section\">\n\t\t\t\t\t\t<div class=\"elementor-container elementor-column-gap-default\">\n\t\t\t\t\t<div class=\"elementor-column elementor-col-100 elementor-top-column elementor-element elementor-element-1eefd69\" data-id=\"1eefd69\" data-element_type=\"column\">\n\t\t\t<div class=\"elementor-widget-wrap elementor-element-populated\">\n\t\t\t\t\t\t<div class=\"elementor-element elementor-element-bd5e4e5 elementor-posts--show-thumbnail elementor-widget elementor-widget-posts\" data-id=\"bd5e4e5\" data-element_type=\"widget\" data-settings=\"{&quot;full_content_row_gap&quot;:{&quot;unit&quot;:&quot;px&quot;,&quot;size&quot;:35,&quot;sizes&quot;:[]}}\" data-widget_type=\"posts.full_content\">\n\t\t\t\t<div class=\"elementor-widget-container\">\n\t\t\t\t\t\t\t<div class=\"elementor-posts-container elementor-posts elementor-posts--skin-full_content elementor-grid\" role=\"list\">\n\t\t\t\t<article class=\"elementor-post elementor-grid-item post-47891 portfolios type-portfolios status-publish has-post-thumbnail hentry\" role=\"listitem\">\n\t\t\t\t<a class=\"elementor-post__thumbnail__link\" href=\"https:\/\/www.grupotd.es\/fr\/portfolios\/kverneriet-solli-plass\/\" tabindex=\"-1\" >\n\t\t<div class=\"elementor-post__thumbnail\"><img  title=\"Corral del Rey - Tapizados Do\u00f1ana\" fetchpriority=\"high\" decoding=\"async\" width=\"1920\" height=\"1440\" src=\"https:\/\/www.grupotd.es\/wp-content\/uploads\/2023\/12\/DSC02955.jpg\" class=\"attachment-full size-full wp-image-47896\"  alt=\"Corral del Rey - Tapizados Do\u00f1ana\"  srcset=\"https:\/\/www.grupotd.es\/wp-content\/uploads\/2023\/12\/DSC02955.jpg 1920w, https:\/\/www.grupotd.es\/wp-content\/uploads\/2023\/12\/DSC02955-300x225.jpg 300w, https:\/\/www.grupotd.es\/wp-content\/uploads\/2023\/12\/DSC02955-1024x768.jpg 1024w, https:\/\/www.grupotd.es\/wp-content\/uploads\/2023\/12\/DSC02955-768x576.jpg 768w, https:\/\/www.grupotd.es\/wp-content\/uploads\/2023\/12\/DSC02955-1536x1152.jpg 1536w\" sizes=\"(max-width: 1920px) 100vw, 1920px\" \/><\/div>\n\t\t<\/a>\n\t\t\t\t<div class=\"elementor-post__text\">\n\t\t\t\t<h3 class=\"elementor-post__title\">\n\t\t\t<a href=\"https:\/\/www.grupotd.es\/fr\/portfolios\/kverneriet-solli-plass\/\" >\n\t\t\t\tKVERNERIET SOLLI PLASS\t\t\t<\/a>\n\t\t<\/h3>\n\t\t<span><strong>Cathrine D\u00f6rrich<\/strong> ha sido la decoradora del proyecto.<\/span>\t\t<\/div>\n\t\t\t\t<\/article>\n\t\t\t\t<article class=\"elementor-post elementor-grid-item post-47741 portfolios type-portfolios status-publish has-post-thumbnail hentry\" role=\"listitem\">\n\t\t\t\t<a class=\"elementor-post__thumbnail__link\" href=\"https:\/\/www.grupotd.es\/fr\/portfolios\/oslo-golfklubb\/\" tabindex=\"-1\" >\n\t\t<div class=\"elementor-post__thumbnail\"><img  title=\"Corral del Rey - Tapizados Do\u00f1ana\" decoding=\"async\" width=\"1920\" height=\"1440\" src=\"https:\/\/www.grupotd.es\/wp-content\/uploads\/2023\/12\/Pic-25.jpg\" class=\"attachment-full size-full wp-image-47761\"  alt=\"Corral del Rey - Tapizados Do\u00f1ana\"  srcset=\"https:\/\/www.grupotd.es\/wp-content\/uploads\/2023\/12\/Pic-25.jpg 1920w, https:\/\/www.grupotd.es\/wp-content\/uploads\/2023\/12\/Pic-25-300x225.jpg 300w, https:\/\/www.grupotd.es\/wp-content\/uploads\/2023\/12\/Pic-25-1024x768.jpg 1024w, https:\/\/www.grupotd.es\/wp-content\/uploads\/2023\/12\/Pic-25-768x576.jpg 768w, https:\/\/www.grupotd.es\/wp-content\/uploads\/2023\/12\/Pic-25-1536x1152.jpg 1536w\" sizes=\"(max-width: 1920px) 100vw, 1920px\" \/><\/div>\n\t\t<\/a>\n\t\t\t\t<div class=\"elementor-post__text\">\n\t\t\t\t<h3 class=\"elementor-post__title\">\n\t\t\t<a href=\"https:\/\/www.grupotd.es\/fr\/portfolios\/oslo-golfklubb\/\" >\n\t\t\t\tOSLO GOLFKLUBB\t\t\t<\/a>\n\t\t<\/h3>\n\t\t<span><strong>Divine Design<\/strong> ha sido el encargado del proyecto. <br \/>Photo by <em>Studioc Indoor<\/em><\/span>\t\t<\/div>\n\t\t\t\t<\/article>\n\t\t\t\t<article class=\"elementor-post elementor-grid-item post-38175 portfolios type-portfolios status-publish has-post-thumbnail hentry\" role=\"listitem\">\n\t\t\t\t<a class=\"elementor-post__thumbnail__link\" href=\"https:\/\/www.grupotd.es\/fr\/portfolios\/hotel-fru-haugans\/\" tabindex=\"-1\" >\n\t\t<div class=\"elementor-post__thumbnail\"><img  title=\"Corral del Rey - Tapizados Do\u00f1ana\" decoding=\"async\" width=\"2560\" height=\"1920\" src=\"https:\/\/www.grupotd.es\/wp-content\/uploads\/2022\/03\/image00007-scaled.jpeg\" class=\"attachment-full size-full wp-image-25822\"  alt=\"Corral del Rey - Tapizados Do\u00f1ana\"  srcset=\"https:\/\/www.grupotd.es\/wp-content\/uploads\/2022\/03\/image00007-scaled.jpeg 2560w, https:\/\/www.grupotd.es\/wp-content\/uploads\/2022\/03\/image00007-300x225.jpeg 300w, https:\/\/www.grupotd.es\/wp-content\/uploads\/2022\/03\/image00007-1024x768.jpeg 1024w, https:\/\/www.grupotd.es\/wp-content\/uploads\/2022\/03\/image00007-768x576.jpeg 768w, https:\/\/www.grupotd.es\/wp-content\/uploads\/2022\/03\/image00007-1536x1152.jpeg 1536w, https:\/\/www.grupotd.es\/wp-content\/uploads\/2022\/03\/image00007-2048x1536.jpeg 2048w\" sizes=\"(max-width: 2560px) 100vw, 2560px\" \/><\/div>\n\t\t<\/a>\n\t\t\t\t<div class=\"elementor-post__text\">\n\t\t\t\t<h3 class=\"elementor-post__title\">\n\t\t\t<a href=\"https:\/\/www.grupotd.es\/fr\/portfolios\/hotel-fru-haugans\/\" >\n\t\t\t\tHOTEL FRU HAUGANS\t\t\t<\/a>\n\t\t<\/h3>\n\t\t\t\t<\/div>\n\t\t\t\t<\/article>\n\t\t\t\t<article class=\"elementor-post elementor-grid-item post-38173 portfolios type-portfolios status-publish has-post-thumbnail hentry\" role=\"listitem\">\n\t\t\t\t<a class=\"elementor-post__thumbnail__link\" href=\"https:\/\/www.grupotd.es\/fr\/portfolios\/clinica-vazquez\/\" tabindex=\"-1\" >\n\t\t<div class=\"elementor-post__thumbnail\"><img  title=\"Corral del Rey - Tapizados Do\u00f1ana\" loading=\"lazy\" decoding=\"async\" width=\"1000\" height=\"667\" src=\"https:\/\/www.grupotd.es\/wp-content\/uploads\/2022\/03\/antoniolucena_2.jpg\" class=\"attachment-full size-full wp-image-25793\"  alt=\"Corral del Rey - Tapizados Do\u00f1ana\"  srcset=\"https:\/\/www.grupotd.es\/wp-content\/uploads\/2022\/03\/antoniolucena_2.jpg 1000w, https:\/\/www.grupotd.es\/wp-content\/uploads\/2022\/03\/antoniolucena_2-300x200.jpg 300w, https:\/\/www.grupotd.es\/wp-content\/uploads\/2022\/03\/antoniolucena_2-768x512.jpg 768w\" sizes=\"(max-width: 1000px) 100vw, 1000px\" \/><\/div>\n\t\t<\/a>\n\t\t\t\t<div class=\"elementor-post__text\">\n\t\t\t\t<h3 class=\"elementor-post__title\">\n\t\t\t<a href=\"https:\/\/www.grupotd.es\/fr\/portfolios\/clinica-vazquez\/\" >\n\t\t\t\tCLI\u0301NICA VA\u0301ZQUEZ\t\t\t<\/a>\n\t\t<\/h3>\n\t\t\t\t<\/div>\n\t\t\t\t<\/article>\n\t\t\t\t<article class=\"elementor-post elementor-grid-item post-38172 portfolios type-portfolios status-publish has-post-thumbnail hentry\" role=\"listitem\">\n\t\t\t\t<a class=\"elementor-post__thumbnail__link\" href=\"https:\/\/www.grupotd.es\/fr\/portfolios\/clarion-hotel-the-hub\/\" tabindex=\"-1\" >\n\t\t<div class=\"elementor-post__thumbnail\"><img  title=\"Corral del Rey - Tapizados Do\u00f1ana\" loading=\"lazy\" decoding=\"async\" width=\"1536\" height=\"2048\" src=\"https:\/\/www.grupotd.es\/wp-content\/uploads\/2020\/12\/image000031.jpeg\" class=\"attachment-full size-full wp-image-16034\"  alt=\"Corral del Rey - Tapizados Do\u00f1ana\"  srcset=\"https:\/\/www.grupotd.es\/wp-content\/uploads\/2020\/12\/image000031.jpeg 1536w, https:\/\/www.grupotd.es\/wp-content\/uploads\/2020\/12\/image000031-225x300.jpeg 225w, https:\/\/www.grupotd.es\/wp-content\/uploads\/2020\/12\/image000031-768x1024.jpeg 768w, https:\/\/www.grupotd.es\/wp-content\/uploads\/2020\/12\/image000031-1152x1536.jpeg 1152w\" sizes=\"(max-width: 1536px) 100vw, 1536px\" \/><\/div>\n\t\t<\/a>\n\t\t\t\t<div class=\"elementor-post__text\">\n\t\t\t\t<h3 class=\"elementor-post__title\">\n\t\t\t<a href=\"https:\/\/www.grupotd.es\/fr\/portfolios\/clarion-hotel-the-hub\/\" >\n\t\t\t\tCLARION HOTEL THE HUB\t\t\t<\/a>\n\t\t<\/h3>\n\t\t\t\t<\/div>\n\t\t\t\t<\/article>\n\t\t\t\t<article class=\"elementor-post elementor-grid-item post-38171 portfolios type-portfolios status-publish has-post-thumbnail hentry\" role=\"listitem\">\n\t\t\t\t<a class=\"elementor-post__thumbnail__link\" href=\"https:\/\/www.grupotd.es\/fr\/portfolios\/apartamentos-ambassador\/\" tabindex=\"-1\" >\n\t\t<div class=\"elementor-post__thumbnail\"><img  title=\"Corral del Rey - Tapizados Do\u00f1ana\" loading=\"lazy\" decoding=\"async\" width=\"5616\" height=\"3744\" src=\"https:\/\/www.grupotd.es\/wp-content\/uploads\/2018\/11\/Ambassador-2015_15.jpg\" class=\"attachment-full size-full wp-image-1953\"  alt=\"Corral del Rey - Tapizados Do\u00f1ana\"  srcset=\"https:\/\/www.grupotd.es\/wp-content\/uploads\/2018\/11\/Ambassador-2015_15.jpg 5616w, https:\/\/www.grupotd.es\/wp-content\/uploads\/2018\/11\/Ambassador-2015_15-300x200.jpg 300w, https:\/\/www.grupotd.es\/wp-content\/uploads\/2018\/11\/Ambassador-2015_15-768x512.jpg 768w, https:\/\/www.grupotd.es\/wp-content\/uploads\/2018\/11\/Ambassador-2015_15-1024x683.jpg 1024w\" sizes=\"(max-width: 5616px) 100vw, 5616px\" \/><\/div>\n\t\t<\/a>\n\t\t\t\t<div class=\"elementor-post__text\">\n\t\t\t\t<h3 class=\"elementor-post__title\">\n\t\t\t<a href=\"https:\/\/www.grupotd.es\/fr\/portfolios\/apartamentos-ambassador\/\" >\n\t\t\t\tAPARTAMENTOS AMBASSADOR\t\t\t<\/a>\n\t\t<\/h3>\n\t\t\t\t<\/div>\n\t\t\t\t<\/article>\n\t\t\t\t<article class=\"elementor-post elementor-grid-item post-38170 portfolios type-portfolios status-publish has-post-thumbnail hentry\" role=\"listitem\">\n\t\t\t\t<a class=\"elementor-post__thumbnail__link\" href=\"https:\/\/www.grupotd.es\/fr\/portfolios\/hotel-riu-garoe\/\" tabindex=\"-1\" >\n\t\t<div class=\"elementor-post__thumbnail\"><img  title=\"Corral del Rey - Tapizados Do\u00f1ana\" loading=\"lazy\" decoding=\"async\" width=\"2048\" height=\"1365\" src=\"https:\/\/www.grupotd.es\/wp-content\/uploads\/2018\/11\/Garoe-2012-12.jpg\" class=\"attachment-full size-full wp-image-1921\"  alt=\"Corral del Rey - Tapizados Do\u00f1ana\"  srcset=\"https:\/\/www.grupotd.es\/wp-content\/uploads\/2018\/11\/Garoe-2012-12.jpg 2048w, https:\/\/www.grupotd.es\/wp-content\/uploads\/2018\/11\/Garoe-2012-12-300x200.jpg 300w, https:\/\/www.grupotd.es\/wp-content\/uploads\/2018\/11\/Garoe-2012-12-768x512.jpg 768w, https:\/\/www.grupotd.es\/wp-content\/uploads\/2018\/11\/Garoe-2012-12-1024x683.jpg 1024w\" sizes=\"(max-width: 2048px) 100vw, 2048px\" \/><\/div>\n\t\t<\/a>\n\t\t\t\t<div class=\"elementor-post__text\">\n\t\t\t\t<h3 class=\"elementor-post__title\">\n\t\t\t<a href=\"https:\/\/www.grupotd.es\/fr\/portfolios\/hotel-riu-garoe\/\" >\n\t\t\t\tHOTEL RIU GAROE\t\t\t<\/a>\n\t\t<\/h3>\n\t\t\t\t<\/div>\n\t\t\t\t<\/article>\n\t\t\t\t<article class=\"elementor-post elementor-grid-item post-38169 portfolios type-portfolios status-publish has-post-thumbnail hentry\" role=\"listitem\">\n\t\t\t\t<a class=\"elementor-post__thumbnail__link\" href=\"https:\/\/www.grupotd.es\/fr\/portfolios\/green-apple-td\/\" tabindex=\"-1\" >\n\t\t<div class=\"elementor-post__thumbnail\"><img  title=\"Corral del Rey - Tapizados Do\u00f1ana\" loading=\"lazy\" decoding=\"async\" width=\"2048\" height=\"1849\" src=\"https:\/\/www.grupotd.es\/wp-content\/uploads\/2018\/10\/DSC_0004_edited-O\u0302C\u0327o\u0302-Kopi.jpg\" class=\"attachment-full size-full wp-image-1360\"  alt=\"Corral del Rey - Tapizados Do\u00f1ana\"  srcset=\"https:\/\/www.grupotd.es\/wp-content\/uploads\/2018\/10\/DSC_0004_edited-O\u0302C\u0327o\u0302-Kopi.jpg 2048w, https:\/\/www.grupotd.es\/wp-content\/uploads\/2018\/10\/DSC_0004_edited-O\u0302C\u0327o\u0302-Kopi-300x271.jpg 300w, https:\/\/www.grupotd.es\/wp-content\/uploads\/2018\/10\/DSC_0004_edited-O\u0302C\u0327o\u0302-Kopi-768x693.jpg 768w, https:\/\/www.grupotd.es\/wp-content\/uploads\/2018\/10\/DSC_0004_edited-O\u0302C\u0327o\u0302-Kopi-1024x924.jpg 1024w\" sizes=\"(max-width: 2048px) 100vw, 2048px\" \/><\/div>\n\t\t<\/a>\n\t\t\t\t<div class=\"elementor-post__text\">\n\t\t\t\t<h3 class=\"elementor-post__title\">\n\t\t\t<a href=\"https:\/\/www.grupotd.es\/fr\/portfolios\/green-apple-td\/\" >\n\t\t\t\tGreen Apple\t\t\t<\/a>\n\t\t<\/h3>\n\t\t\t\t<\/div>\n\t\t\t\t<\/article>\n\t\t\t\t<article class=\"elementor-post elementor-grid-item post-38166 portfolios type-portfolios status-publish has-post-thumbnail hentry\" role=\"listitem\">\n\t\t\t\t<a class=\"elementor-post__thumbnail__link\" href=\"https:\/\/www.grupotd.es\/fr\/portfolios\/elite-plaza-hotel-gotemburgo\/\" tabindex=\"-1\" >\n\t\t<div class=\"elementor-post__thumbnail\"><img  title=\"Corral del Rey - Tapizados Do\u00f1ana\" loading=\"lazy\" decoding=\"async\" width=\"1920\" height=\"1301\" src=\"https:\/\/www.grupotd.es\/wp-content\/uploads\/2018\/06\/elite01.jpg\" class=\"attachment-full size-full wp-image-280\"  alt=\"Corral del Rey - Tapizados Do\u00f1ana\"  srcset=\"https:\/\/www.grupotd.es\/wp-content\/uploads\/2018\/06\/elite01.jpg 1920w, https:\/\/www.grupotd.es\/wp-content\/uploads\/2018\/06\/elite01-300x203.jpg 300w, https:\/\/www.grupotd.es\/wp-content\/uploads\/2018\/06\/elite01-768x520.jpg 768w, https:\/\/www.grupotd.es\/wp-content\/uploads\/2018\/06\/elite01-1024x694.jpg 1024w\" sizes=\"(max-width: 1920px) 100vw, 1920px\" \/><\/div>\n\t\t<\/a>\n\t\t\t\t<div class=\"elementor-post__text\">\n\t\t\t\t<h3 class=\"elementor-post__title\">\n\t\t\t<a href=\"https:\/\/www.grupotd.es\/fr\/portfolios\/elite-plaza-hotel-gotemburgo\/\" >\n\t\t\t\tElite Plaza Hotel\t\t\t<\/a>\n\t\t<\/h3>\n\t\t\t\t<\/div>\n\t\t\t\t<\/article>\n\t\t\t\t<article class=\"elementor-post elementor-grid-item post-38151 portfolios type-portfolios status-publish has-post-thumbnail hentry\" role=\"listitem\">\n\t\t\t\t<a class=\"elementor-post__thumbnail__link\" href=\"https:\/\/www.grupotd.es\/fr\/portfolios\/corral-del-rey\/\" tabindex=\"-1\" >\n\t\t<div class=\"elementor-post__thumbnail\"><img  title=\"Corral del Rey - Tapizados Do\u00f1ana\" loading=\"lazy\" decoding=\"async\" width=\"1280\" height=\"720\" src=\"https:\/\/www.grupotd.es\/wp-content\/uploads\/2018\/06\/corral03.jpg\" class=\"attachment-full size-full wp-image-273\"  alt=\"Corral del Rey - Tapizados Do\u00f1ana\"  srcset=\"https:\/\/www.grupotd.es\/wp-content\/uploads\/2018\/06\/corral03.jpg 1280w, https:\/\/www.grupotd.es\/wp-content\/uploads\/2018\/06\/corral03-300x169.jpg 300w, https:\/\/www.grupotd.es\/wp-content\/uploads\/2018\/06\/corral03-768x432.jpg 768w, https:\/\/www.grupotd.es\/wp-content\/uploads\/2018\/06\/corral03-1024x576.jpg 1024w, https:\/\/www.grupotd.es\/wp-content\/uploads\/2018\/06\/corral03-180x100.jpg 180w\" sizes=\"(max-width: 1280px) 100vw, 1280px\" \/><\/div>\n\t\t<\/a>\n\t\t\t\t<div class=\"elementor-post__text\">\n\t\t\t\t<h3 class=\"elementor-post__title\">\n\t\t\t<a href=\"https:\/\/www.grupotd.es\/fr\/portfolios\/corral-del-rey\/\" >\n\t\t\t\tCorral del Rey\t\t\t<\/a>\n\t\t<\/h3>\n\t\t\t\t<\/div>\n\t\t\t\t<\/article>\n\t\t\t\t<\/div>\n\t\t\n\t\t\t\t\t\t<\/div>\n\t\t\t\t<\/div>\n\t\t\t\t\t<\/div>\n\t\t<\/div>\n\t\t\t\t\t<\/div>\n\t\t<\/section>\n\t\t\t\t<\/div>\n\t\t","protected":false},"excerpt":{"rendered":"<p> [&#8230;]<\/p>\n<p><a class=\"btn btn-secondary understrap-read-more-link\" href=\"https:\/\/www.grupotd.es\/fr\/portfolios\/corral-del-rey\/\">Lire la suite\u2026<span class=\"screen-reader-text\"> from Corral del Rey<\/span><\/a><\/p>\n","protected":false},"author":4,"featured_media":0,"parent":0,"menu_order":0,"comment_status":"closed","ping_status":"closed","template":"elementor_header_footer","meta":{"_acf_changed":false,"_seopress_robots_primary_cat":"0","_seopress_titles_title":"Conception de projets de meubles rembourr\u00e9s dans les h\u00f4tels et restaurants","_seopress_titles_desc":"Nous nous engageons \u00e0 offrir \u00e0 nos clients la meilleure qualit\u00e9 de notre gamme de produits et \u00e0 garantir le meilleur service sur le march\u00e9. Projets rembourr\u00e9s. Nous fournissons la meilleure garantie sur tous nos produits. Acc\u00e9dez \u00e0 notre site Web maintenant!","_seopress_robots_index":"","footnotes":""},"class_list":["post-1221","page","type-page","status-publish","hentry"],"acf":[],"_links":{"self":[{"href":"https:\/\/www.grupotd.es\/fr\/wp-json\/wp\/v2\/pages\/1221","targetHints":{"allow":["GET"]}}],"collection":[{"href":"https:\/\/www.grupotd.es\/fr\/wp-json\/wp\/v2\/pages"}],"about":[{"href":"https:\/\/www.grupotd.es\/fr\/wp-json\/wp\/v2\/types\/page"}],"author":[{"embeddable":true,"href":"https:\/\/www.grupotd.es\/fr\/wp-json\/wp\/v2\/users\/4"}],"replies":[{"embeddable":true,"href":"https:\/\/www.grupotd.es\/fr\/wp-json\/wp\/v2\/comments?post=1221"}],"version-history":[{"count":3,"href":"https:\/\/www.grupotd.es\/fr\/wp-json\/wp\/v2\/pages\/1221\/revisions"}],"predecessor-version":[{"id":47887,"href":"https:\/\/www.grupotd.es\/fr\/wp-json\/wp\/v2\/pages\/1221\/revisions\/47887"}],"wp:attachment":[{"href":"https:\/\/www.grupotd.es\/fr\/wp-json\/wp\/v2\/media?parent=1221"}],"curies":[{"name":"wp","href":"https:\/\/api.w.org\/{rel}","templated":true}]}}