{"id":1214,"date":"2018-08-09T11:48:06","date_gmt":"2018-08-09T09:48:06","guid":{"rendered":"https:\/\/www.grupotd.es\/quienes-somos\/"},"modified":"2023-11-22T15:11:06","modified_gmt":"2023-11-22T14:11:06","slug":"qui-sommes-nous","status":"publish","type":"page","link":"https:\/\/www.grupotd.es\/fr\/la-philosophie\/qui-sommes-nous\/","title":{"rendered":"Qui sommes nous"},"content":{"rendered":"<img  title=\"Qui sommes nous - Tapizados Do\u00f1ana\" fetchpriority=\"high\" decoding=\"async\" src=\"https:\/\/www.grupotd.es\/wp-content\/uploads\/2023\/11\/cabecera-quienes-somos-.jpg\"  alt=\"Qui sommes nous - Tapizados Do\u00f1ana\"  width=\"1600\" height=\"450\" class=\"aligncenter size-full wp-image-473 img-full mb-5\" \/>\r\n<div class=\"container mt-5 mb-5\">\r\n<div class=\"row\">\r\n<div class=\"col-md-6 wow fadeInUp\">\r\n<h1>Qui sommes nous<\/h1>\r\n<div class=\"divider-amarillo\"><\/div>\r\n<\/div>\r\n<\/div>\r\n\r\n<div class=\"row mt-4\">\r\n<div class=\"col-md-12\">\r\n<div class=\"dos-columnas\">\r\n<p class=\"destacado\">Nous sommes une entreprise familiale implant\u00e9e dans le secteur des <b> usines du meuble rembourr\u00e9 en Espagne <\/b>. Nous avons cr\u00e9\u00e9 la marque <b> Tapizados Do\u00f1ana <\/b> en <b> 1996.<\/b>.<\/p>\r\n\r\n<p class=\"destacado\">Actuellement, la direction est en charge des partenaires fondateurs, des professionnels poss\u00e9dant une grande exp\u00e9rience du secteur qui ont \u00e9t\u00e9 charg\u00e9s de transmettre \u00e0 tous les travailleurs de l&rsquo;entreprise les valeurs pour lesquelles cette marque est reconnue.<\/p>\r\n<p class=\"destacado\">En plus de 20 ans de pr\u00e9sence sur le march\u00e9 des entreprises d\u00e9di\u00e9es \u00e0 la fabrication de meubles rembourr\u00e9s en Espagne, nous n\u2019avons cess\u00e9 de cro\u00eetre, r\u00e9pondant aux demandes de milliers de clients satisfaits de leurs acquisitions.<\/p>\r\n<p class=\"destacado\">Cette croissance a \u00e9t\u00e9 obtenue gr\u00e2ce \u00e0 beaucoup de pers\u00e9v\u00e9rance et au maintien de mod\u00e8les de travail dont nous sommes fiers et qui nous diff\u00e9rencient clairement de la concurrence.<\/p>\r\n<\/div>\r\n<\/div>\r\n<\/div>\r\n\r\n<\/div>\r\n\r\n<div class=\"container-fluid mt-5 mb-5\">\r\n<div class=\"row\">\r\n<div class=\"col-md-5 p-0\">\r\n<div style=\"width: 640px;\" class=\"wp-video\"><!--[if lt IE 9]><script>document.createElement('video');<\/script><![endif]-->\n<video class=\"wp-video-shortcode\" id=\"video-1214-1\" width=\"640\" height=\"360\" poster=\"https:\/\/www.grupotd.es\/wp-content\/uploads\/2020\/06\/t-donana-2020-web-poster.jpg\" preload=\"metadata\" controls=\"controls\"><source type=\"video\/mp4\" src=\"https:\/\/www.grupotd.es\/wp-content\/uploads\/2020\/06\/t-donana-2020-web.mp4?_=1\" \/><a href=\"https:\/\/www.grupotd.es\/wp-content\/uploads\/2020\/06\/t-donana-2020-web.mp4\">https:\/\/www.grupotd.es\/wp-content\/uploads\/2020\/06\/t-donana-2020-web.mp4<\/a><\/video><\/div>\r\n<\/div>\r\n<div class=\"col-md-7 caja-gris p-5 d-flex justify-content-center flex-column wow fadeInRight\">\r\n<h2>Tradition et avant-garde<\/h2>\r\n<div class=\"divider-amarillo\"><\/div>\r\n<p class=\"texto\">Au d\u00e9but, nous nous sommes consacr\u00e9s \u00e0 la <strong> tapisserie d&rsquo;ameublement <\/strong>, notre exp\u00e9rience dans ce secteur est donc consid\u00e9rable, en plus d&rsquo;\u00eatre ant\u00e9rieure \u00e0 la fondation de Tapizados Do\u00f1ana. <strong> Exp\u00e9rience <\/strong> qui, avec les jeunes que nous ch\u00e9rissons et avec les nouvelles g\u00e9n\u00e9rations qui nous rejoignent, nous fournit un ensemble de connaissances n\u00e9cessaires pour pouvoir offrir la meilleure <strong> attention et la qualit\u00e9 <\/strong> \u00e0 chacun des clients, en \u00e9tant <strong> une r\u00e9f\u00e9rence claire dans le secteur <\/strong> des usines du meuble rembourr\u00e9 en Espagne.<\/p>\r\n\r\n<p class=\"texto\">Tenant compte des nouvelles tendances en mati\u00e8re de conception de meubles et de fabrication sur le march\u00e9, nous proposons des <strong> prix comp\u00e9titifs <\/strong>, ainsi que des produits de haute qualit\u00e9, pr\u00e9sent\u00e9s en catalogue et avec un design personnalis\u00e9. Nous avons \u00e9galement notre propre marque, SIT, qui est une r\u00e9f\u00e9rence sur le march\u00e9 international.<\/p>\r\n<span class=\"collapseomatic \" id=\"id69e3ca282d743\"  tabindex=\"0\" title=\"Lire plus\"    >Lire plus<\/span><div id=\"target-id69e3ca282d743\" class=\"collapseomatic_content \">\r\n<p class=\"texto\">L\u2019\u00e9volution rapide que nous avons connue au cours de ces ann\u00e9es refl\u00e8te clairement la vitesse requise par notre \u00e9poque. L&rsquo;utilisation et l&rsquo;apprentissage de nouvelles m\u00e9thodes de fabrication sont constants dans un mod\u00e8le compos\u00e9 de plus de <strong> 50 employ\u00e9s <\/strong>. Dans nos installations, situ\u00e9es sur une surface de plus de 4500 m\u00b2, nous combinons parfaitement le syst\u00e8me de travail artisanal avec l&rsquo;utilisation des outils technologiques les plus r\u00e9cents.<\/p>\r\n\r\n<p class=\"texto\">Par cons\u00e9quent, \u00e0 Tapizados Do\u00f1ana nous sommes fiers d\u2019afficher cette <strong> m\u00e9thode de travail artisanale, en devenant un \u00e9l\u00e9ment de diff\u00e9renciation <\/strong> dans la comp\u00e9tence des <strong> usines du meuble  rembourr\u00e9 en Espagne <\/strong>. Nous avons cr\u00e9\u00e9 un catalogue de produits assez complet, dans lequel chacune des sp\u00e9cifications requis\u00e9es par le client peut \u00eatre effectu\u00e9.<\/p>\r\n<\/div>\r\n<\/div>\r\n<\/div>\r\n<\/div>\r\n\r\n<div class=\"container mt-5 mb-5\">\r\n<h2 class=\"text-center wow fadeInUp\">Nous \u00e9coutons chaque client<\/h2>\r\n<div class=\"divider-amarillo wow fadeInUp\"><\/div>\r\n<div class=\"row\">\r\n<div class=\"col-md-12 dos-columnas\">\r\n<p class=\"texto\">Nous comprenons que chaque client a besoin de produits diff\u00e9rents. Par cons\u00e9quent, nous maintenons un contact permanent avec les entreprises ou les professionnels qui travaillent avec notre catalogue, cr\u00e9ant ainsi une relation commerciale bas\u00e9e sur la <strong>confiance<\/strong>.<\/p>\r\n\r\n<p class=\"texto\">Nous respectons s\u00e9rieusement les d\u00e9lais fix\u00e9s depuis le d\u00e9but. Par cons\u00e9quent, si nous ajoutons \u00e0 la <strong> rigueur et \u00e0 l&rsquo;engagement <\/strong> la <strong> qualit\u00e9 et l&rsquo;exclusivit\u00e9 <\/strong> accord\u00e9es \u00e0 chacune de nos pi\u00e8ces, nous pouvons nous assurer que nous sommes dans une situation privil\u00e9gi\u00e9 dans le secteur des <strong> usines du meuble rembourr\u00e9 en Espagne <\/strong>, sp\u00e9cialis\u00e9es dans la vente et <strong> l&rsquo;exportation de meubles rembourr\u00e9s\r\n<\/strong>.<\/p>\r\n\r\n<p class=\"texto\">De m\u00eame, nous sommes ouverts \u00e0 toute suggestion, demande ou id\u00e9e. Les <strong> designers d&rsquo;int\u00e9rieur, architectes et d\u00e9corateurs <\/strong> avec lesquels nous travaillons s&rsquo;int\u00e9ressent \u00e0 nos r\u00e9f\u00e9rences car elles sont faciles \u00e0 int\u00e9grer dans leurs solutions d\u00e9coratives. La large gamme avec laquelle nous op\u00e9rons est \u00e9galement un facteur favorable.<\/p>\r\n<\/div>\r\n<\/div>\r\n<\/div>\r\n","protected":false},"excerpt":{"rendered":"<p>Qui sommes nous Nous sommes une entreprise familiale implant\u00e9e dans le secteur des usines du meuble rembourr\u00e9 en Espagne . Nous avons cr\u00e9\u00e9 la marque Tapizados Do\u00f1ana en 1996.. Actuellement, la direction est en charge des partenaires fondateurs, des professionnels poss\u00e9dant une grande exp\u00e9rience du secteur qui ont \u00e9t\u00e9 charg\u00e9s de transmettre \u00e0 tous les [&#8230;]<\/p>\n<p><a class=\"btn btn-secondary understrap-read-more-link\" href=\"https:\/\/www.grupotd.es\/fr\/la-philosophie\/qui-sommes-nous\/\">Lire la suite\u2026<span class=\"screen-reader-text\"> from Qui sommes nous<\/span><\/a><\/p>\n","protected":false},"author":4,"featured_media":0,"parent":1218,"menu_order":0,"comment_status":"closed","ping_status":"closed","template":"elementor_header_footer","meta":{"_acf_changed":false,"_seopress_robots_primary_cat":"0","_seopress_titles_title":"Fabricants de meubles rembourr\u00e9s - Conception de meubles rembourr\u00e9s","_seopress_titles_desc":"Nous nous engageons \u00e0 offrir \u00e0 nos clients la meilleure qualit\u00e9 de notre gamme de produits et \u00e0 garantir le meilleur service sur le march\u00e9. Qui sommes nous tapiss\u00e9s. Nous fournissons la meilleure garantie sur tous nos produits. Acc\u00e9dez \u00e0 notre site Web maintenant! Fabricants de meubles rembourr\u00e9s","_seopress_robots_index":"","footnotes":""},"class_list":["post-1214","page","type-page","status-publish","hentry"],"acf":[],"_links":{"self":[{"href":"https:\/\/www.grupotd.es\/fr\/wp-json\/wp\/v2\/pages\/1214","targetHints":{"allow":["GET"]}}],"collection":[{"href":"https:\/\/www.grupotd.es\/fr\/wp-json\/wp\/v2\/pages"}],"about":[{"href":"https:\/\/www.grupotd.es\/fr\/wp-json\/wp\/v2\/types\/page"}],"author":[{"embeddable":true,"href":"https:\/\/www.grupotd.es\/fr\/wp-json\/wp\/v2\/users\/4"}],"replies":[{"embeddable":true,"href":"https:\/\/www.grupotd.es\/fr\/wp-json\/wp\/v2\/comments?post=1214"}],"version-history":[{"count":1,"href":"https:\/\/www.grupotd.es\/fr\/wp-json\/wp\/v2\/pages\/1214\/revisions"}],"predecessor-version":[{"id":47388,"href":"https:\/\/www.grupotd.es\/fr\/wp-json\/wp\/v2\/pages\/1214\/revisions\/47388"}],"up":[{"embeddable":true,"href":"https:\/\/www.grupotd.es\/fr\/wp-json\/wp\/v2\/pages\/1218"}],"wp:attachment":[{"href":"https:\/\/www.grupotd.es\/fr\/wp-json\/wp\/v2\/media?parent=1214"}],"curies":[{"name":"wp","href":"https:\/\/api.w.org\/{rel}","templated":true}]}}