{"id":1210,"date":"2018-05-04T07:31:19","date_gmt":"2018-05-04T05:31:19","guid":{"rendered":"https:\/\/www.grupotd.es\/sostenibilidad\/"},"modified":"2023-11-23T11:28:49","modified_gmt":"2023-11-23T10:28:49","slug":"la-durabilite","status":"publish","type":"page","link":"https:\/\/www.grupotd.es\/fr\/la-philosophie\/la-durabilite\/","title":{"rendered":"La durabilit\u00e9"},"content":{"rendered":"<img  title=\"La durabilit\u00e9 - Tapizados Do\u00f1ana\" fetchpriority=\"high\" decoding=\"async\" src=\"https:\/\/www.grupotd.es\/wp-content\/uploads\/2023\/11\/cabecera-sostenibilidad-.jpg\"  alt=\"La durabilit\u00e9 - Tapizados Do\u00f1ana\"  width=\"1600\" height=\"450\" class=\"aligncenter size-full wp-image-496 img-full mb-5\" \/>\r\n<div class=\"container mt-5 mb-5\">\r\n<div class=\"row\">\r\n<div class=\"col-md-6 wow fadeInUp\">\r\n<h1>La durabilit\u00e9<\/h1>\r\n<div class=\"divider-amarillo\"><\/div>\r\n<\/div>\r\n<\/div>\r\n<div class=\"row mt-4\">\r\n<div class=\"col-md-12\">\r\n<div class=\"dos-columnas\">\r\n<p class=\"destacado\">Le mod\u00e8le commercial en lequel nous croyons, en plus d&rsquo;am\u00e9liorer nos signes d&rsquo;identification tels que la <strong> tradition artisanale et la qualit\u00e9 de chaque produit <\/strong>, est ax\u00e9 sur le maintien de valeurs consolid\u00e9es aussi importantes pour la marque que sur l&rsquo;attention personnalis\u00e9e et le <strong> respect de l&rsquo;environnement<\/strong>.<\/p>\r\n<p class=\"destacado\">Pour notre entreprise, il est extr\u00eamement important de prendre soin de l&rsquo;environnement de mani\u00e8re optimale, en respectant l&rsquo;\u00e9cosyst\u00e8me \u00e0 tout moment. Par cons\u00e9quent, nous comprenons que la fabrication de meubles de premi\u00e8re qualit\u00e9 est \u00e9troitement li\u00e9e \u00e0 une production durable et respectueuse de l&rsquo;environnement.<\/p>\r\n<\/div>\r\n<\/div>\r\n<\/div>\r\n<\/div>\r\n\r\n<div class=\"container-fluid mt-5 mb-5\">\r\n<div class=\"row\">\r\n<div class=\"col-md-6 fondo-sostenibilidad\">\r\n<\/div>\r\n<div class=\"col-md-6 caja-gris p-5 wow fadeInRight\"><h2>Croissance sans limites, mais avec durabilit\u00e9<\/h2>\r\n<div class=\"divider-amarillo\"><\/div>\r\n<p class=\"texto\">L&rsquo;engagement de cette soci\u00e9t\u00e9 est r\u00e9gi par la <strong> transparence <\/strong>, terme qui d\u00e9passe les simples relations commerciales. Les fournisseurs, les clients et les <strong> distributeurs <\/strong>, une fois en contact avec nous, deviennent partie int\u00e9grante d&rsquo;un m\u00e9canisme bas\u00e9 sur la confiance et le respect mutuel pour une s\u00e9rie de valeurs durables.<\/p>\r\n\r\n<p class=\"texto\">Aujourd&rsquo;hui, nous sommes immerg\u00e9s dans la pleine expansion des affaires. Bien que notre champ de travail couvre l\u2019ensemble du territoire national, nous avons des clients situ\u00e9s dans diff\u00e9rents pays. La Norv\u00e8ge, la France, l&rsquo;Angleterre, l&rsquo;Allemagne, la Su\u00e8de, la Belgique, les \u00c9mirats Arabes Unis, le Maroc, le Portugal et la Suisse en font partie.<\/p>\r\n<span class=\"collapseomatic \" id=\"id69e896dadee34\"  tabindex=\"0\" title=\"Lire plus\"    >Lire plus<\/span><div id=\"target-id69e896dadee34\" class=\"collapseomatic_content \">\r\n<p class=\"texto\">De plus, la qualit\u00e9 de nos mati\u00e8res premi\u00e8res signifie que les produits peuvent \u00eatre conserv\u00e9s dans un \u00e9tat de conservation parfait, malgr\u00e9 le passage du temps. Ce concept assure la durabilit\u00e9 du mobilier. Nous avons d\u00e9marr\u00e9 avec de nombreux clients qui, apr\u00e8s 20 ans, continuent de s\u2019appuyer sur les produits cr\u00e9\u00e9s par notre usine de meubles rembourr\u00e9s.<\/p>\r\n\r\n<p class=\"texto\">Pour \u00eatre durable, nous avons jug\u00e9 appropri\u00e9 de maintenir une relation \u00e9troite entre la <strong> croissance et la sensibilisation \u00e0 l&rsquo;environnement &lt; strong&gt;. Ces deux facteurs, qui font partie de notre philosophie, vont de pair et deviennent une valeur ajout\u00e9e que nous apportons aux meubles que nous faisons. <\/strong><\/p>\r\n<\/div>\r\n<\/div>\r\n<\/div>\r\n<\/div>\r\n\r\n\r\n<div class=\"container mt-5 mb-5\">\r\n<p class=\"text-center wow fadeInUp destacado\">En nous guidant dans ces r\u00e8gles, nous avons r\u00e9ussi \u00e0 faire de l\u2019activit\u00e9 g\u00e9n\u00e9r\u00e9e par notre entit\u00e9 un mod\u00e8le de <strong> soci\u00e9t\u00e9 durable <\/strong>, notre intention \u00e9tant de renforcer la confiance de ceux qui nous connaissent d\u00e9j\u00e0 et de cr\u00e9er une relation ferme avec de nouveaux clients qui sont int\u00e9ress\u00e9s par nos produits.<\/p>\r\n<div class=\"divider-amarillo wow fadeInUp\"><\/div>\r\n<\/div>","protected":false},"excerpt":{"rendered":"<p>La durabilit\u00e9 Le mod\u00e8le commercial en lequel nous croyons, en plus d&rsquo;am\u00e9liorer nos signes d&rsquo;identification tels que la tradition artisanale et la qualit\u00e9 de chaque produit , est ax\u00e9 sur le maintien de valeurs consolid\u00e9es aussi importantes pour la marque que sur l&rsquo;attention personnalis\u00e9e et le respect de l&rsquo;environnement. Pour notre entreprise, il est extr\u00eamement [&#8230;]<\/p>\n<p><a class=\"btn btn-secondary understrap-read-more-link\" href=\"https:\/\/www.grupotd.es\/fr\/la-philosophie\/la-durabilite\/\">Lire la suite\u2026<span class=\"screen-reader-text\"> from La durabilit\u00e9<\/span><\/a><\/p>\n","protected":false},"author":4,"featured_media":0,"parent":1218,"menu_order":0,"comment_status":"closed","ping_status":"closed","template":"page-templates\/empty.php","meta":{"_acf_changed":false,"_seopress_robots_primary_cat":"0","_seopress_titles_title":"Do\u00f1ana Rembourrage, tradition artisanale et qualit\u00e9 dans chaque produit","_seopress_titles_desc":"Nous nous engageons \u00e0 offrir \u00e0 nos clients la meilleure qualit\u00e9 de notre gamme de produits et \u00e0 garantir le meilleur service sur le march\u00e9. La durabilit\u00e9 tapiss\u00e9e. Nous fournissons la meilleure garantie sur tous nos produits. Acc\u00e9dez \u00e0 notre site Web maintenant!","_seopress_robots_index":"","footnotes":""},"class_list":["post-1210","page","type-page","status-publish","hentry"],"acf":[],"_links":{"self":[{"href":"https:\/\/www.grupotd.es\/fr\/wp-json\/wp\/v2\/pages\/1210","targetHints":{"allow":["GET"]}}],"collection":[{"href":"https:\/\/www.grupotd.es\/fr\/wp-json\/wp\/v2\/pages"}],"about":[{"href":"https:\/\/www.grupotd.es\/fr\/wp-json\/wp\/v2\/types\/page"}],"author":[{"embeddable":true,"href":"https:\/\/www.grupotd.es\/fr\/wp-json\/wp\/v2\/users\/4"}],"replies":[{"embeddable":true,"href":"https:\/\/www.grupotd.es\/fr\/wp-json\/wp\/v2\/comments?post=1210"}],"version-history":[{"count":1,"href":"https:\/\/www.grupotd.es\/fr\/wp-json\/wp\/v2\/pages\/1210\/revisions"}],"predecessor-version":[{"id":47410,"href":"https:\/\/www.grupotd.es\/fr\/wp-json\/wp\/v2\/pages\/1210\/revisions\/47410"}],"up":[{"embeddable":true,"href":"https:\/\/www.grupotd.es\/fr\/wp-json\/wp\/v2\/pages\/1218"}],"wp:attachment":[{"href":"https:\/\/www.grupotd.es\/fr\/wp-json\/wp\/v2\/media?parent=1210"}],"curies":[{"name":"wp","href":"https:\/\/api.w.org\/{rel}","templated":true}]}}