{"id":1197,"date":"2018-09-18T16:01:10","date_gmt":"2018-09-18T14:01:10","guid":{"rendered":"https:\/\/www.grupotd.es\/aviso-legal\/"},"modified":"2024-08-21T09:23:46","modified_gmt":"2024-08-21T07:23:46","slug":"avis-juridique","status":"publish","type":"page","link":"https:\/\/www.grupotd.es\/fr\/avis-juridique\/","title":{"rendered":"Avis juridique"},"content":{"rendered":"\t\t<div data-elementor-type=\"wp-page\" data-elementor-id=\"1197\" class=\"elementor elementor-1197 elementor-741\" data-elementor-settings=\"{&quot;ha_cmc_init_switcher&quot;:&quot;no&quot;}\" data-elementor-post-type=\"page\">\n\t\t\t\t\t\t<section class=\"elementor-section elementor-top-section elementor-element elementor-element-532d9fd elementor-section-boxed elementor-section-height-default elementor-section-height-default\" data-id=\"532d9fd\" data-element_type=\"section\">\n\t\t\t\t\t\t<div class=\"elementor-container elementor-column-gap-default\">\n\t\t\t\t\t<div class=\"elementor-column elementor-col-100 elementor-top-column elementor-element elementor-element-b87dfa1\" data-id=\"b87dfa1\" data-element_type=\"column\">\n\t\t\t<div class=\"elementor-widget-wrap elementor-element-populated\">\n\t\t\t\t\t\t<div class=\"elementor-element elementor-element-85a732d elementor-widget elementor-widget-heading\" data-id=\"85a732d\" data-element_type=\"widget\" data-widget_type=\"heading.default\">\n\t\t\t\t<div class=\"elementor-widget-container\">\n\t\t\t\t\t<h1 class=\"elementor-heading-title elementor-size-default\">Avis juridique<\/h1>\t\t\t\t<\/div>\n\t\t\t\t<\/div>\n\t\t\t\t\t<\/div>\n\t\t<\/div>\n\t\t\t\t\t<\/div>\n\t\t<\/section>\n\t\t\t\t<section class=\"elementor-section elementor-top-section elementor-element elementor-element-5585d9f6 elementor-section-boxed elementor-section-height-default elementor-section-height-default\" data-id=\"5585d9f6\" data-element_type=\"section\">\n\t\t\t\t\t\t<div class=\"elementor-container elementor-column-gap-default\">\n\t\t\t\t\t<div class=\"elementor-column elementor-col-100 elementor-top-column elementor-element elementor-element-195d2da1\" data-id=\"195d2da1\" data-element_type=\"column\">\n\t\t\t<div class=\"elementor-widget-wrap elementor-element-populated\">\n\t\t\t\t\t\t<div class=\"elementor-element elementor-element-7302fdc4 elementor-widget elementor-widget-text-editor\" data-id=\"7302fdc4\" data-element_type=\"widget\" data-widget_type=\"text-editor.default\">\n\t\t\t\t<div class=\"elementor-widget-container\">\n\t\t\t\t\t\t\t\t\t<h3 class=\"mt-3\">1. Identification.<\/h3>\n<div class=\"divider-amarillo\"><\/div>\n<p class=\"texto\">1.1. Tapizados Do\u00f1ana est le propri\u00e9taire du site Web situ\u00e9 \u00e0 l&rsquo;adresse Internet https:\/\/grupotd.es et de ses comptes sur les r\u00e9seaux sociaux (ci-apr\u00e8s, le pr\u00e9sent site Web).<\/p>\n<p class=\"texto\">1.2. Tapizados Do\u00f1ana est le propri\u00e9taire des comptes suivants sur les r\u00e9seaux sociaux:<\/p>\nPage Facebook.\nPage Google+.\nPage YouTube.\n<p class=\"texto\">1.3. La personne qui acc\u00e8de \u00e0 ce site Web (ci-apr\u00e8s, l&rsquo;utilisateur) s&rsquo;assure qu&rsquo;elle a la capacit\u00e9 juridique de le faire.<\/p>\n\n<h3 class=\"mt-3\">2. Objet.<\/h3>\n<div class=\"divider-amarillo\"><\/div>\n<p class=\"texto\">2.1. Le pr\u00e9sent avis juridique a pour objet de r\u00e9glementer les relations entre Tapizados Do\u00f1ana et l&rsquo;utilisateur en ce qui concerne l&rsquo;acc\u00e8s \u00e0 ce site Web.<\/p>\n<p class=\"texto\">2.2. En acc\u00e9dant \u00e0 ce site Web, l&rsquo;utilisateur accepte express\u00e9ment toutes les clauses de la pr\u00e9sente notice l\u00e9gale, sa politique de confidentialit\u00e9 et sa politique en mati\u00e8re de cookies, ainsi que toutes les conditions particuli\u00e8res collect\u00e9es pour l&rsquo;utilisation de certains services. En cas de non acceptation de l&rsquo;une des clauses susmentionn\u00e9es, l&rsquo;utilisateur doit s&rsquo;abstenir d&rsquo;acc\u00e9der \u00e0 ce site Web.<\/p>\n<p class=\"texto\">2.3. En acc\u00e9dant aux comptes des r\u00e9seaux sociaux de Tapizados Do\u00f1ana, l&rsquo;utilisateur accepte de se conformer a ses conditions et politiques.<\/p>\n<a href=\"https:\/\/www.facebook.com\/policies\/?ref=pf\" target=\"_blank\" rel=\"noopener\">Conditions et politiques de Facebook.<\/a>\n<a href=\"http:\/\/www.google.com\/intl\/es\/policies\/terms\/\" target=\"_blank\" rel=\"noopener\">Conditions d&rsquo;utilisation de Google+.<\/a>\n<a href=\"https:\/\/www.youtube.com\/static?template=terms&amp;hl=fr&amp;gl=FR\" target=\"_blank\" rel=\"noopener\">Conditions de service Youtube.<\/a>\n<p class=\"texto\">2.4. L&rsquo;utilisateur s&rsquo;engage \u00e0 se conformer \u00e0 toute disposition l\u00e9gale pouvant s&rsquo;appliquer \u00e0 l&rsquo;acc\u00e8s \u00e0 ce site Web.<\/p>\n<p class=\"texto\">2.5.Tapizados Do\u00f1ana se r\u00e9serve le droit de modifier les pr\u00e9sentes mentions l\u00e9gales \u00e0 tout moment. Il appartient donc \u00e0 l&rsquo;utilisateur de les consulter avant d&rsquo;acc\u00e9der \u00e0 ce site Web.<\/p>\n\n<h3 class=\"mt-3\">3. Mineurs.<\/h3>\n<div class=\"divider-amarillo\"><\/div>\n<p class=\"texto\">3.1. L&rsquo;acc\u00e8s des mineurs \u00e0 ce site est interdit.<\/p>\n<p class=\"texto\">3.2. Tapizados Do\u00f1ana rappelle \u00e0 l&rsquo;utilisateur qu&rsquo;il est responsable des mineurs, qu&rsquo;il lui incombera de d\u00e9terminer quels services et quels contenus sont ou non adapt\u00e9s \u00e0 son \u00e2ge, et qu&rsquo;il existe des programmes informatiques permettant de filtrer et de bloquer l&rsquo;acc\u00e8s \u00e0 certains contenus et services.<\/p>\n\n<h3 class=\"mt-3\">4. Contenu.<\/h3>\n<div class=\"divider-amarillo\"><\/div>\n<p class=\"texto\">4.1. Le contenu mis \u00e0 la disposition de l&rsquo;utilisateur sur ce site Web provient de sources propres ainsi que de tiers.<\/p>\n<p class=\"texto\">4.2. Tapizados Do\u00f1ana veille \u00e0 ce que le contenu soit de la plus haute qualit\u00e9 possible et raisonnablement mis \u00e0 jour, mais n\u2019en garantit pas l&rsquo;utilit\u00e9, la pr\u00e9cision, l&rsquo;exhaustivit\u00e9, la pertinence et l&rsquo;actualit\u00e9.<\/p>\n<p class=\"texto\">4.3. L&rsquo;inclusion de contenu sur ce site Web ne constitue en aucun cas la fourniture d&rsquo;un service de conseil professionnel de Tapizados Do\u00f1ana \u00e0 l&rsquo;utilisateur.<\/p>\n<p class=\"texto\">4.4. Tapizados Do\u00f1ana d\u00e9conseille \u00e0 l&rsquo;utilisateur de prendre des d\u00e9cisions en fonction des informations recueillies dans le contenu de ce site Web sans obtenir les conseils professionnels ad\u00e9quats.<\/p>\n\n<h3 class=\"mt-3\">5. Propri\u00e9t\u00e9 intellectuelle et industrielle.<\/h3>\n<div class=\"divider-amarillo\"><\/div>\n<p class=\"texto\">5.1. Tout le contenu de ce site Web est d\u00fbment prot\u00e9g\u00e9 par les r\u00e8gles de la propri\u00e9t\u00e9 intellectuelle et industrielle.<\/p>\n<p class=\"texto\">5.2. Quel que soit le but pour lequel ils ont \u00e9t\u00e9 con\u00e7us, la reproduction totale ou partielle, l&rsquo;utilisation, l&rsquo;exploitation, la distribution et la commercialisation de tout contenu de ce site Web n\u00e9cessitent, dans tous les cas, l&rsquo;autorisation \u00e9crite pr\u00e9alable de Tapizados Do\u00f1ana.<\/p>\n<p class=\"texto\">5.3. Du contenu situ\u00e9 en dehors de Tapizados Do\u00f1ana et susceptible d&rsquo;appara\u00eetre sur ce site Web, appartenant \u00e0 ses propri\u00e9taires respectifs, qui sont eux-m\u00eames responsables de toute autorisation donn\u00e9e \u00e0 des tiers.<\/p>\n\n<h3 class=\"mt-3\">6. Utilisations.<\/h3>\n<div class=\"divider-amarillo\"><\/div>\n<p class=\"texto\">6.1. L&rsquo;utilisateur accepte volontairement et express\u00e9ment que l&rsquo;utilisation de ce site Web est dans tous les cas effectu\u00e9e sous sa seule et exclusive responsabilit\u00e9.<\/p>\n<p class=\"texto\">6.2. L\u2019Utilisateur s\u2019engage \u00e0 ne pas adopter de comportement susceptible de porter atteinte \u00e0 l\u2019image, aux int\u00e9r\u00eats et aux droits de Tapizados Do\u00f1ana ou de tiers, ni d\u2019endommager, de d\u00e9sactiver ou de surcharger ce site Web, ni d\u2019emp\u00eacher de quelque mani\u00e8re que ce soit la utilisation normale de celui-ci.<\/p>\n\n<h3 class=\"mt-3\">7. SPAM.<\/h3>\n<div class=\"divider-amarillo\"><\/div>\n<p class=\"texto\">7.1. Il est strictement interdit \u00e0 l&rsquo;utilisateur de prendre des adresses \u00e9lectroniques de ce site Web, y compris des r\u00e9seaux sociaux, pour l&rsquo;envoi de publicit\u00e9s ou de communications promotionnelles sans avoir \u00e9t\u00e9 pr\u00e9alablement demand\u00e9 ou express\u00e9ment autoris\u00e9 par ses destinataires.<\/p>\n\n<h3 class=\"mt-3\">8. Responsabilit\u00e9s.<\/h3>\n<div class=\"divider-amarillo\"><\/div>\n<p class=\"texto\">8.1. Tapizados Do\u00f1ana effectuera toutes les actions en sa possession pour le bon fonctionnement de ce site Web. Cependant, compte tenu de la nature de l&rsquo;Internet et du fait que le fonctionnement de ce site Web peut d\u00e9pendre de l&rsquo;intervention de tiers, Tapizados Do\u00f1ana n&rsquo;est pas responsable des inconv\u00e9nients pouvant \u00eatre caus\u00e9s \u00e0 l&rsquo;utilisateur par son fonctionnement incorrect.<\/p>\n<p class=\"texto\">8.2. Tapizados Do\u00f1ana est exon\u00e9r\u00e9 de tout type de responsabilit\u00e9 d\u00e9coulant des informations publi\u00e9es par des tiers sur ce site.<\/p>\n<p class=\"texto\">8.3. Tapizados Do\u00f1ana n&rsquo;assume aucune responsabilit\u00e9 concernant le contenu de tiers vers lesquels ce site est redirig\u00e9.<\/p>\n<p class=\"texto\">8.4. Dans le cas o\u00f9 l&rsquo;utilisateur estime qu&rsquo;un contenu potentiellement ill\u00e9gal existe sur ce site Web, il doit le notifier via la section contact.<\/p>\n<p class=\"texto\">8.5. Compte tenu de la nature de l&rsquo;Internet, Tapizados Do\u00f1ana ne peut garantir l&rsquo;absence d&rsquo;\u00e9l\u00e9ments risquant d&rsquo;alt\u00e9rer votre syst\u00e8me informatique ou celui de l&rsquo;utilisateur. Par cons\u00e9quent, Tapizados Do\u00f1ana n&rsquo;assume aucune responsabilit\u00e9 pour les dommages de toute nature pouvant \u00eatre dus \u00e0 ces modifications.<\/p>\n\n<h3 class=\"mt-3\">9. Dossiers et r\u00e9clamations de plaintes.<\/h3>\n<div class=\"divider-amarillo\"><\/div>\n<p class=\"texto\">9.1. Tapizados Do\u00f1ana est confrome au syst\u00e8me de fichiers \u00e9lectroniques de r\u00e9clamations de la Junta de Andaluc\u00eda.<\/p>\n<p class=\"texto\">9.2. Le syst\u00e8me de fiches de r\u00e9clamations \u00e9lectroniques de la Junta de Andaluc\u00eda permet de pr\u00e9senter une fiche de r\u00e9clamation de la m\u00eame mani\u00e8re qu\u2019elle serait en format papier, mais sur Internet, en format \u00e9lectronique.<\/p>\n\n<h3 class=\"mt-3\">10. Juridiction.<\/h3>\n<div class=\"divider-amarillo\"><\/div>\n<p class=\"texto\">\u00ab\u00a0Les parties se soumettent, lors de leur \u00e9lection, \u00e0 la r\u00e9solution des conflits et renoncent \u00e0 toute autre juridiction, aux tribunaux de S\u00e9ville\u00a0\u00bb.<\/p>\n\n<h3 class=\"mt-3\">11. Langues.<\/h3>\n<div class=\"divider-amarillo\"><\/div>\n<p class=\"texto\">En cas de difficult\u00e9 de compr\u00e9hension ou de d\u00e9saccord entre les parties en raison de l&rsquo;une quelconque de ces clauses, l&rsquo;interpr\u00e9tation de la version espagnole pr\u00e9vaudra (voir AVISO LEGAL).<\/p>\n\n<\/div>\n<\/div>\n<\/div>\t\t\t\t\t\t\t\t<\/div>\n\t\t\t\t<\/div>\n\t\t\t\t\t<\/div>\n\t\t<\/div>\n\t\t\t\t\t<\/div>\n\t\t<\/section>\n\t\t\t\t<\/div>\n\t\t","protected":false},"excerpt":{"rendered":"<p>1. Identification. 1.1. Tapizados Do\u00f1ana est le propri\u00e9taire du site Web situ\u00e9 \u00e0 l&rsquo;adresse Internet https:\/\/grupotd.es et de ses comptes sur les r\u00e9seaux sociaux (ci-apr\u00e8s, le pr\u00e9sent site Web). 1.2. Tapizados Do\u00f1ana est le propri\u00e9taire des comptes suivants sur les r\u00e9seaux sociaux: Page Facebook. Page Google+. Page YouTube. 1.3. La personne qui acc\u00e8de \u00e0 ce [&#8230;]<\/p>\n<p><a class=\"btn btn-secondary understrap-read-more-link\" href=\"https:\/\/www.grupotd.es\/fr\/avis-juridique\/\">Lire la suite\u2026<span class=\"screen-reader-text\"> from Avis juridique<\/span><\/a><\/p>\n","protected":false},"author":4,"featured_media":0,"parent":0,"menu_order":0,"comment_status":"closed","ping_status":"closed","template":"page-templates\/empty.php","meta":{"_acf_changed":false,"_seopress_robots_primary_cat":"0","_seopress_titles_title":"","_seopress_titles_desc":"","_seopress_robots_index":"yes","footnotes":""},"class_list":["post-1197","page","type-page","status-publish","hentry"],"acf":[],"_links":{"self":[{"href":"https:\/\/www.grupotd.es\/fr\/wp-json\/wp\/v2\/pages\/1197","targetHints":{"allow":["GET"]}}],"collection":[{"href":"https:\/\/www.grupotd.es\/fr\/wp-json\/wp\/v2\/pages"}],"about":[{"href":"https:\/\/www.grupotd.es\/fr\/wp-json\/wp\/v2\/types\/page"}],"author":[{"embeddable":true,"href":"https:\/\/www.grupotd.es\/fr\/wp-json\/wp\/v2\/users\/4"}],"replies":[{"embeddable":true,"href":"https:\/\/www.grupotd.es\/fr\/wp-json\/wp\/v2\/comments?post=1197"}],"version-history":[{"count":3,"href":"https:\/\/www.grupotd.es\/fr\/wp-json\/wp\/v2\/pages\/1197\/revisions"}],"predecessor-version":[{"id":50453,"href":"https:\/\/www.grupotd.es\/fr\/wp-json\/wp\/v2\/pages\/1197\/revisions\/50453"}],"wp:attachment":[{"href":"https:\/\/www.grupotd.es\/fr\/wp-json\/wp\/v2\/media?parent=1197"}],"curies":[{"name":"wp","href":"https:\/\/api.w.org\/{rel}","templated":true}]}}